{"id":29499,"date":"2023-10-09T10:38:12","date_gmt":"2023-10-09T09:38:12","guid":{"rendered":"https:\/\/wempro.eu\/wemstep\/wemstep-kontakt\/"},"modified":"2025-10-22T12:51:24","modified_gmt":"2025-10-22T11:51:24","slug":"wemstep-kontakt","status":"publish","type":"page","link":"https:\/\/wemstep.eu\/pl\/wemstep-kontakt\/","title":{"rendered":"wemStep Kontakt"},"content":{"rendered":"\t\t<div data-elementor-type=\"wp-page\" data-elementor-id=\"29499\" class=\"elementor elementor-29499 elementor-15840\" data-elementor-post-type=\"page\">\n\t\t\t\t<div class=\"elementor-element elementor-element-53b7a41d e-flex e-con-boxed e-con e-parent\" data-id=\"53b7a41d\" data-element_type=\"container\" data-e-type=\"container\" id=\"Introduction\" data-settings=\"{&quot;background_background&quot;:&quot;slideshow&quot;,&quot;animation&quot;:&quot;none&quot;,&quot;background_slideshow_gallery&quot;:[{&quot;id&quot;:28850,&quot;url&quot;:&quot;https:\\\/\\\/wemstep.eu\\\/wp-content\\\/uploads\\\/Header_contact_32_22001467.jpg&quot;}],&quot;background_slideshow_loop&quot;:&quot;yes&quot;,&quot;background_slideshow_slide_duration&quot;:5000,&quot;background_slideshow_slide_transition&quot;:&quot;fade&quot;,&quot;background_slideshow_transition_duration&quot;:500}\">\n\t\t\t\t\t<div class=\"e-con-inner\">\n\t\t\t\t<div class=\"elementor-element elementor-element-80a04fb elementor-widget elementor-widget-spacer\" data-id=\"80a04fb\" data-element_type=\"widget\" data-e-type=\"widget\" data-widget_type=\"spacer.default\">\n\t\t\t\t<div class=\"elementor-widget-container\">\n\t\t\t\t\t\t\t<div class=\"elementor-spacer\">\n\t\t\t<div class=\"elementor-spacer-inner\"><\/div>\n\t\t<\/div>\n\t\t\t\t\t\t<\/div>\n\t\t\t\t<\/div>\n\t\t\t\t<div class=\"elementor-element elementor-element-31f50e2 elementor-hidden-mobile animated-fast elementor-invisible elementor-widget elementor-widget-heading\" data-id=\"31f50e2\" data-element_type=\"widget\" data-e-type=\"widget\" data-settings=\"{&quot;_animation_mobile&quot;:&quot;zoomIn&quot;,&quot;_animation&quot;:&quot;zoomIn&quot;}\" data-widget_type=\"heading.default\">\n\t\t\t\t<div class=\"elementor-widget-container\">\n\t\t\t\t\t<h1 class=\"elementor-heading-title elementor-size-default\">Tw\u00f3j oficjalny<\/h1>\t\t\t\t<\/div>\n\t\t\t\t<\/div>\n\t\t\t\t<div class=\"elementor-element elementor-element-765b1718 elementor-hidden-desktop elementor-hidden-tablet elementor-invisible elementor-widget elementor-widget-heading\" data-id=\"765b1718\" data-element_type=\"widget\" data-e-type=\"widget\" data-settings=\"{&quot;_animation_mobile&quot;:&quot;zoomIn&quot;,&quot;_animation&quot;:&quot;zoomIn&quot;}\" data-widget_type=\"heading.default\">\n\t\t\t\t<div class=\"elementor-widget-container\">\n\t\t\t\t\t<h1 class=\"elementor-heading-title elementor-size-default\">Tw\u00f3j oficjalny<\/h1>\t\t\t\t<\/div>\n\t\t\t\t<\/div>\n\t\t\t\t<div class=\"elementor-element elementor-element-7e901d92 animated-fast elementor-invisible elementor-widget elementor-widget-heading\" data-id=\"7e901d92\" data-element_type=\"widget\" data-e-type=\"widget\" data-settings=\"{&quot;_animation_mobile&quot;:&quot;zoomIn&quot;,&quot;_animation&quot;:&quot;zoomIn&quot;}\" data-widget_type=\"heading.default\">\n\t\t\t\t<div class=\"elementor-widget-container\">\n\t\t\t\t\t<h1 class=\"elementor-heading-title elementor-size-default\">wemStep<sup>\u00ae<\/sup>\nPartner<\/h1>\t\t\t\t<\/div>\n\t\t\t\t<\/div>\n\t\t\t\t<div class=\"elementor-element elementor-element-72f6f797 animated-fast elementor-widget-divider--view-line elementor-invisible elementor-widget elementor-widget-divider\" data-id=\"72f6f797\" data-element_type=\"widget\" data-e-type=\"widget\" data-settings=\"{&quot;_animation&quot;:&quot;fadeInUp&quot;,&quot;_animation_delay&quot;:551}\" data-widget_type=\"divider.default\">\n\t\t\t\t<div class=\"elementor-widget-container\">\n\t\t\t\t\t\t\t<div class=\"elementor-divider\">\n\t\t\t<span class=\"elementor-divider-separator\">\n\t\t\t\t\t\t<\/span>\n\t\t<\/div>\n\t\t\t\t\t\t<\/div>\n\t\t\t\t<\/div>\n\t\t\t\t<div class=\"elementor-element elementor-element-5de58477 elementor-invisible elementor-widget elementor-widget-text-editor\" data-id=\"5de58477\" data-element_type=\"widget\" data-e-type=\"widget\" data-settings=\"{&quot;_animation_mobile&quot;:&quot;zoomIn&quot;,&quot;_animation&quot;:&quot;fadeInUp&quot;,&quot;_animation_delay&quot;:0}\" data-widget_type=\"text-editor.default\">\n\t\t\t\t<div class=\"elementor-widget-container\">\n\t\t\t\t\t\t\t\t\tNasi wybrani partnerzy wemStep<sup>\u00ae<\/sup> s\u0105 gotowi s\u0142u\u017cy\u0107 Ci fachow\u0105 porad\u0105 i sprawn\u0105 realizacj\u0105 zam\u00f3wienia. Doskonale znaj\u0105 nasze produkty i ch\u0119tnie pomog\u0105 Ci znale\u017a\u0107 odpowiednie rozwi\u0105zanie. \t\t\t\t\t\t\t\t<\/div>\n\t\t\t\t<\/div>\n\t\t\t\t<div class=\"elementor-element elementor-element-bc04a8c elementor-align-center elementor-invisible elementor-widget elementor-widget-button\" data-id=\"bc04a8c\" data-element_type=\"widget\" data-e-type=\"widget\" data-settings=\"{&quot;_animation&quot;:&quot;fadeIn&quot;,&quot;_animation_delay&quot;:1200}\" data-widget_type=\"button.default\">\n\t\t\t\t<div class=\"elementor-widget-container\">\n\t\t\t\t\t\t\t\t\t<div class=\"elementor-button-wrapper\">\n\t\t\t\t\t<a class=\"elementor-button elementor-button-link elementor-size-sm\" href=\"#Partner\">\n\t\t\t\t\t\t<span class=\"elementor-button-content-wrapper\">\n\t\t\t\t\t\t<span class=\"elementor-button-icon\">\n\t\t\t\t<i aria-hidden=\"true\" class=\"far fa-arrow-right\"><\/i>\t\t\t<\/span>\n\t\t\t\t\t\t\t\t\t<span class=\"elementor-button-text\">Tw\u00f3j partner<\/span>\n\t\t\t\t\t<\/span>\n\t\t\t\t\t<\/a>\n\t\t\t\t<\/div>\n\t\t\t\t\t\t\t\t<\/div>\n\t\t\t\t<\/div>\n\t\t\t\t\t<\/div>\n\t\t\t\t<\/div>\n\t\t<div class=\"elementor-element elementor-element-4200357 e-flex e-con-boxed e-con e-parent\" data-id=\"4200357\" data-element_type=\"container\" data-e-type=\"container\" data-settings=\"{&quot;background_background&quot;:&quot;classic&quot;}\">\n\t\t\t\t\t<div class=\"e-con-inner\">\n\t\t\t\t<div class=\"elementor-element elementor-element-4c256f9 elementor-widget elementor-widget-template\" data-id=\"4c256f9\" data-element_type=\"widget\" data-e-type=\"widget\" data-widget_type=\"template.default\">\n\t\t\t\t<div class=\"elementor-widget-container\">\n\t\t\t\t\t\t\t<div class=\"elementor-template\">\n\t\t\t\t\t<div data-elementor-type=\"container\" data-elementor-id=\"30324\" class=\"elementor elementor-30324\" data-elementor-post-type=\"elementor_library\">\n\t\t\t\t<div class=\"elementor-element elementor-element-2ef9fb60 e-flex e-con-boxed e-con e-parent\" data-id=\"2ef9fb60\" data-element_type=\"container\" data-e-type=\"container\" data-settings=\"{&quot;background_background&quot;:&quot;classic&quot;,&quot;motion_fx_opacity_range&quot;:{&quot;unit&quot;:&quot;%&quot;,&quot;size&quot;:&quot;&quot;,&quot;sizes&quot;:{&quot;start&quot;:0,&quot;end&quot;:6}},&quot;motion_fx_motion_fx_scrolling&quot;:&quot;yes&quot;,&quot;motion_fx_opacity_effect&quot;:&quot;yes&quot;,&quot;motion_fx_opacity_direction&quot;:&quot;in-out&quot;,&quot;motion_fx_opacity_level&quot;:{&quot;unit&quot;:&quot;px&quot;,&quot;size&quot;:10,&quot;sizes&quot;:[]},&quot;motion_fx_devices&quot;:[&quot;desktop&quot;,&quot;tablet&quot;,&quot;mobile&quot;]}\">\n\t\t\t\t\t<div class=\"e-con-inner\">\n\t\t\t\t<div class=\"elementor-element elementor-element-57eee873 elementor-widget elementor-widget-html\" data-id=\"57eee873\" data-element_type=\"widget\" data-e-type=\"widget\" data-widget_type=\"html.default\">\n\t\t\t\t<div class=\"elementor-widget-container\">\n\t\t\t\t\t<div class=\"moving-line\"><\/div>\t\t\t\t<\/div>\n\t\t\t\t<\/div>\n\t\t\t\t\t<\/div>\n\t\t\t\t<\/div>\n\t\t\t\t<\/div>\n\t\t\t\t<\/div>\n\t\t\t\t\t\t<\/div>\n\t\t\t\t<\/div>\n\t\t\t\t\t<\/div>\n\t\t\t\t<\/div>\n\t\t<div class=\"elementor-element elementor-element-1445eb50 e-flex e-con-boxed e-con e-parent\" data-id=\"1445eb50\" data-element_type=\"container\" data-e-type=\"container\" id=\"Partner\" data-settings=\"{&quot;background_background&quot;:&quot;classic&quot;}\">\n\t\t\t\t\t<div class=\"e-con-inner\">\n\t\t<div class=\"elementor-element elementor-element-2ff65242 e-con-full animated-fast e-flex elementor-invisible e-con e-child\" data-id=\"2ff65242\" data-element_type=\"container\" data-e-type=\"container\" data-settings=\"{&quot;background_background&quot;:&quot;classic&quot;,&quot;animation&quot;:&quot;slideInUp&quot;}\">\n\t\t\t\t<div class=\"elementor-element elementor-element-12c879e3 elementor-widget elementor-widget-menu-anchor\" data-id=\"12c879e3\" data-element_type=\"widget\" data-e-type=\"widget\" data-widget_type=\"menu-anchor.default\">\n\t\t\t\t<div class=\"elementor-widget-container\">\n\t\t\t\t\t\t\t<div class=\"elementor-menu-anchor\" id=\"MW\"><\/div>\n\t\t\t\t\t\t<\/div>\n\t\t\t\t<\/div>\n\t\t\t\t<div class=\"elementor-element elementor-element-4436b9ff animated-fast elementor-invisible elementor-widget elementor-widget-heading\" data-id=\"4436b9ff\" data-element_type=\"widget\" data-e-type=\"widget\" data-settings=\"{&quot;_animation&quot;:&quot;slideInUp&quot;}\" data-widget_type=\"heading.default\">\n\t\t\t\t<div class=\"elementor-widget-container\">\n\t\t\t\t\t<h4 class=\"elementor-heading-title elementor-size-default\">Wemeco Poland Sp. z o.o.<\/h4>\t\t\t\t<\/div>\n\t\t\t\t<\/div>\n\t\t\t\t<div class=\"elementor-element elementor-element-4fdaad6 animated-fast elementor-widget-divider--view-line elementor-invisible elementor-widget elementor-widget-divider\" data-id=\"4fdaad6\" data-element_type=\"widget\" data-e-type=\"widget\" data-settings=\"{&quot;_animation&quot;:&quot;slideInUp&quot;,&quot;_animation_delay&quot;:250,&quot;_animation_mobile&quot;:&quot;fadeIn&quot;}\" data-widget_type=\"divider.default\">\n\t\t\t\t<div class=\"elementor-widget-container\">\n\t\t\t\t\t\t\t<div class=\"elementor-divider\">\n\t\t\t<span class=\"elementor-divider-separator\">\n\t\t\t\t\t\t<\/span>\n\t\t<\/div>\n\t\t\t\t\t\t<\/div>\n\t\t\t\t<\/div>\n\t\t\t\t<div class=\"elementor-element elementor-element-6f41ca0a animated-fast elementor-invisible elementor-widget elementor-widget-text-editor\" data-id=\"6f41ca0a\" data-element_type=\"widget\" data-e-type=\"widget\" data-settings=\"{&quot;_animation&quot;:&quot;slideInUp&quot;}\" data-widget_type=\"text-editor.default\">\n\t\t\t\t<div class=\"elementor-widget-container\">\n\t\t\t\t\t\t\t\t\t<p>ul. G\u0142\u00f3wna 65<br>57-350 Kudowa-Zdr\u00f3j<br>Polska<\/p><p>Telefon: +48 (0)74 866 70 00<br>E-mail: info@wempro.eu<\/p><p>VAT: PL8831754243<br>KRS: 000223885<br>Regon: 891556026<\/p><p>IBAN: NL65 ABNA 0415 6776 61<br>BIC: ABNANL2A<\/p>\t\t\t\t\t\t\t\t<\/div>\n\t\t\t\t<\/div>\n\t\t\t\t<\/div>\n\t\t<div class=\"elementor-element elementor-element-63fed64 e-con-full animated-fast e-flex elementor-invisible e-con e-child\" data-id=\"63fed64\" data-element_type=\"container\" data-e-type=\"container\" data-settings=\"{&quot;background_background&quot;:&quot;classic&quot;,&quot;animation&quot;:&quot;slideInUp&quot;,&quot;animation_mobile&quot;:&quot;fadeIn&quot;}\">\n\t\t<div class=\"elementor-element elementor-element-4f4344d e-con-full e-flex e-con e-child\" data-id=\"4f4344d\" data-element_type=\"container\" data-e-type=\"container\">\n\t\t\t\t<div class=\"elementor-element elementor-element-199fc0dc animated-fast elementor-invisible elementor-widget elementor-widget-heading\" data-id=\"199fc0dc\" data-element_type=\"widget\" data-e-type=\"widget\" data-settings=\"{&quot;_animation&quot;:&quot;slideInUp&quot;}\" data-widget_type=\"heading.default\">\n\t\t\t\t<div class=\"elementor-widget-container\">\n\t\t\t\t\t<h4 class=\"elementor-heading-title elementor-size-default\">Znajd\u017a swoj\u0105 drog\u0119<\/h4>\t\t\t\t<\/div>\n\t\t\t\t<\/div>\n\t\t\t\t<div class=\"elementor-element elementor-element-39b0da4 animated-fast elementor-invisible elementor-widget elementor-widget-heading\" data-id=\"39b0da4\" data-element_type=\"widget\" data-e-type=\"widget\" data-settings=\"{&quot;_animation&quot;:&quot;slideInUp&quot;}\" data-widget_type=\"heading.default\">\n\t\t\t\t<div class=\"elementor-widget-container\">\n\t\t\t\t\t<h4 class=\"elementor-heading-title elementor-size-default\">\u0141atwo do nas trafi\u0107.<\/h4>\t\t\t\t<\/div>\n\t\t\t\t<\/div>\n\t\t\t\t<\/div>\n\t\t\t\t<div class=\"elementor-element elementor-element-53fba8e9 elementor-align-left elementor-mobile-align-center elementor-widget elementor-widget-button\" data-id=\"53fba8e9\" data-element_type=\"widget\" data-e-type=\"widget\" data-widget_type=\"button.default\">\n\t\t\t\t<div class=\"elementor-widget-container\">\n\t\t\t\t\t\t\t\t\t<div class=\"elementor-button-wrapper\">\n\t\t\t\t\t<a class=\"elementor-button elementor-button-link elementor-size-sm\" href=\"#elementor-action%3Aaction%3Dpopup%3Aopen%26settings%3DeyJpZCI6MzQwMTcsInRvZ2dsZSI6ZmFsc2V9\">\n\t\t\t\t\t\t<span class=\"elementor-button-content-wrapper\">\n\t\t\t\t\t\t<span class=\"elementor-button-icon\">\n\t\t\t\t<i aria-hidden=\"true\" class=\"far fa-arrow-right\"><\/i>\t\t\t<\/span>\n\t\t\t\t\t\t\t\t\t<span class=\"elementor-button-text\">Zaplanuj tras\u0119<\/span>\n\t\t\t\t\t<\/span>\n\t\t\t\t\t<\/a>\n\t\t\t\t<\/div>\n\t\t\t\t\t\t\t\t<\/div>\n\t\t\t\t<\/div>\n\t\t\t\t<\/div>\n\t\t\t\t\t<\/div>\n\t\t\t\t<\/div>\n\t\t<div class=\"elementor-element elementor-element-67c5c04a e-flex e-con-boxed e-con e-parent\" data-id=\"67c5c04a\" data-element_type=\"container\" data-e-type=\"container\" data-settings=\"{&quot;background_background&quot;:&quot;slideshow&quot;,&quot;background_slideshow_gallery&quot;:[{&quot;id&quot;:28854,&quot;url&quot;:&quot;https:\\\/\\\/wemstep.eu\\\/wp-content\\\/uploads\\\/Contact_02_W-43_800600.jpg&quot;}],&quot;background_slideshow_loop&quot;:&quot;yes&quot;,&quot;background_slideshow_slide_duration&quot;:5000,&quot;background_slideshow_slide_transition&quot;:&quot;fade&quot;,&quot;background_slideshow_transition_duration&quot;:500}\">\n\t\t\t\t\t<div class=\"e-con-inner\">\n\t\t<div class=\"elementor-element elementor-element-28b3bb70 e-con-full e-flex e-con e-child\" data-id=\"28b3bb70\" data-element_type=\"container\" data-e-type=\"container\" data-settings=\"{&quot;background_background&quot;:&quot;classic&quot;,&quot;animation_tablet&quot;:&quot;fadeInLeft&quot;,&quot;animation_mobile&quot;:&quot;none&quot;,&quot;motion_fx_motion_fx_scrolling&quot;:&quot;yes&quot;,&quot;motion_fx_opacity_effect&quot;:&quot;yes&quot;,&quot;motion_fx_opacity_range&quot;:{&quot;unit&quot;:&quot;%&quot;,&quot;size&quot;:&quot;&quot;,&quot;sizes&quot;:{&quot;start&quot;:22,&quot;end&quot;:50}},&quot;motion_fx_opacity_direction&quot;:&quot;out-in&quot;,&quot;motion_fx_opacity_level&quot;:{&quot;unit&quot;:&quot;px&quot;,&quot;size&quot;:10,&quot;sizes&quot;:[]},&quot;motion_fx_devices&quot;:[&quot;desktop&quot;,&quot;tablet&quot;,&quot;mobile&quot;]}\">\n\t\t\t\t<div class=\"elementor-element elementor-element-5fec0e61 elementor-widget elementor-widget-heading\" data-id=\"5fec0e61\" data-element_type=\"widget\" data-e-type=\"widget\" data-widget_type=\"heading.default\">\n\t\t\t\t<div class=\"elementor-widget-container\">\n\t\t\t\t\t<h2 class=\"elementor-heading-title elementor-size-default\">Chcesz dowiedzie\u0107 si\u0119 wi\u0119cej o Wemeco?<\/h2>\t\t\t\t<\/div>\n\t\t\t\t<\/div>\n\t\t\t\t<div class=\"elementor-element elementor-element-1c8bf8e elementor-widget-divider--view-line elementor-widget elementor-widget-divider\" data-id=\"1c8bf8e\" data-element_type=\"widget\" data-e-type=\"widget\" data-widget_type=\"divider.default\">\n\t\t\t\t<div class=\"elementor-widget-container\">\n\t\t\t\t\t\t\t<div class=\"elementor-divider\">\n\t\t\t<span class=\"elementor-divider-separator\">\n\t\t\t\t\t\t<\/span>\n\t\t<\/div>\n\t\t\t\t\t\t<\/div>\n\t\t\t\t<\/div>\n\t\t\t\t<div class=\"elementor-element elementor-element-5bea00 elementor-widget elementor-widget-text-editor\" data-id=\"5bea00\" data-element_type=\"widget\" data-e-type=\"widget\" data-widget_type=\"text-editor.default\">\n\t\t\t\t<div class=\"elementor-widget-container\">\n\t\t\t\t\t\t\t\t\t<p>Chcesz uzyska\u0107 wi\u0119cej informacji o naszych produktach i opcjach? Skontaktuj si\u0119 z nami, ch\u0119tnie pomo\u017cemy! <\/p>\t\t\t\t\t\t\t\t<\/div>\n\t\t\t\t<\/div>\n\t\t\t\t<div class=\"elementor-element elementor-element-4489d632 elementor-align-left elementor-mobile-align-justify elementor-widget elementor-widget-button\" data-id=\"4489d632\" data-element_type=\"widget\" data-e-type=\"widget\" data-widget_type=\"button.default\">\n\t\t\t\t<div class=\"elementor-widget-container\">\n\t\t\t\t\t\t\t\t\t<div class=\"elementor-button-wrapper\">\n\t\t\t\t\t<a class=\"elementor-button elementor-button-link elementor-size-sm\" href=\"https:\/\/wempro.nl\" target=\"_blank\">\n\t\t\t\t\t\t<span class=\"elementor-button-content-wrapper\">\n\t\t\t\t\t\t<span class=\"elementor-button-icon\">\n\t\t\t\t<i aria-hidden=\"true\" class=\"far fa-arrow-right\"><\/i>\t\t\t<\/span>\n\t\t\t\t\t\t\t\t\t<span class=\"elementor-button-text\">Wi\u0119cej o Wemeco Products<\/span>\n\t\t\t\t\t<\/span>\n\t\t\t\t\t<\/a>\n\t\t\t\t<\/div>\n\t\t\t\t\t\t\t\t<\/div>\n\t\t\t\t<\/div>\n\t\t\t\t<\/div>\n\t\t\t\t\t<\/div>\n\t\t\t\t<\/div>\n\t\t\t\t<\/div>\n\t\t","protected":false},"excerpt":{"rendered":"<p>Tw\u00f3j oficjalny Tw\u00f3j oficjalny wemStep\u00ae Partner Nasi wybrani partnerzy wemStep\u00ae s\u0105 gotowi s\u0142u\u017cy\u0107 Ci fachow\u0105 porad\u0105 i sprawn\u0105 realizacj\u0105 zam\u00f3wienia. Doskonale znaj\u0105 nasze produkty i ch\u0119tnie pomog\u0105 Ci znale\u017a\u0107 odpowiednie rozwi\u0105zanie. Tw\u00f3j partner Wemeco Poland Sp. z o.o. ul. G\u0142\u00f3wna 6557-350 Kudowa-Zdr\u00f3jPolska Telefon: +48 (0)74 866 70 00E-mail: info@wempro.eu VAT: PL8831754243KRS: 000223885Regon: 891556026 IBAN: NL65 [&hellip;]<\/p>\n","protected":false},"author":3,"featured_media":0,"parent":0,"menu_order":0,"comment_status":"closed","ping_status":"closed","template":"","meta":{"footnotes":""},"categories":[106,110,103],"tags":[],"class_list":["post-29499","page","type-page","status-publish","hentry","category-istotne-dla-wyszukiwania","category-strona-glowna","category-tlumaczenie"],"yoast_head":"<!-- This site is optimized with the Yoast SEO plugin v27.3 - https:\/\/yoast.com\/product\/yoast-seo-wordpress\/ -->\n<title>wemStep Kontakt - wemStep<\/title>\n<meta name=\"robots\" content=\"index, follow, max-snippet:-1, max-image-preview:large, max-video-preview:-1\" \/>\n<link rel=\"canonical\" href=\"https:\/\/wemstep.eu\/pl\/wemstep-kontakt\/\" \/>\n<meta property=\"og:locale\" content=\"pl_PL\" \/>\n<meta property=\"og:type\" content=\"article\" \/>\n<meta property=\"og:title\" content=\"wemStep Kontakt - wemStep\" \/>\n<meta property=\"og:description\" content=\"Tw\u00f3j oficjalny Tw\u00f3j oficjalny wemStep\u00ae Partner Nasi wybrani partnerzy wemStep\u00ae s\u0105 gotowi s\u0142u\u017cy\u0107 Ci fachow\u0105 porad\u0105 i sprawn\u0105 realizacj\u0105 zam\u00f3wienia. Doskonale znaj\u0105 nasze produkty i ch\u0119tnie pomog\u0105 Ci znale\u017a\u0107 odpowiednie rozwi\u0105zanie. Tw\u00f3j partner Wemeco Poland Sp. z o.o. ul. G\u0142\u00f3wna 6557-350 Kudowa-Zdr\u00f3jPolska Telefon: +48 (0)74 866 70 00E-mail: info@wempro.eu VAT: PL8831754243KRS: 000223885Regon: 891556026 IBAN: NL65 [&hellip;]\" \/>\n<meta property=\"og:url\" content=\"https:\/\/wemstep.eu\/pl\/wemstep-kontakt\/\" \/>\n<meta property=\"og:site_name\" content=\"wemStep\" \/>\n<meta property=\"article:modified_time\" content=\"2025-10-22T11:51:24+00:00\" \/>\n<meta name=\"twitter:card\" content=\"summary_large_image\" \/>\n<meta name=\"twitter:label1\" content=\"Szacowany czas czytania\" \/>\n\t<meta name=\"twitter:data1\" content=\"1 minuta\" \/>\n<script type=\"application\/ld+json\" class=\"yoast-schema-graph\">{\"@context\":\"https:\\\/\\\/schema.org\",\"@graph\":[{\"@type\":\"WebPage\",\"@id\":\"https:\\\/\\\/wemstep.eu\\\/pl\\\/wemstep-kontakt\\\/\",\"url\":\"https:\\\/\\\/wemstep.eu\\\/pl\\\/wemstep-kontakt\\\/\",\"name\":\"wemStep Kontakt - wemStep\",\"isPartOf\":{\"@id\":\"https:\\\/\\\/wemstep.eu\\\/pl\\\/#website\"},\"datePublished\":\"2023-10-09T09:38:12+00:00\",\"dateModified\":\"2025-10-22T11:51:24+00:00\",\"breadcrumb\":{\"@id\":\"https:\\\/\\\/wemstep.eu\\\/pl\\\/wemstep-kontakt\\\/#breadcrumb\"},\"inLanguage\":\"pl-PL\",\"potentialAction\":[{\"@type\":\"ReadAction\",\"target\":[\"https:\\\/\\\/wemstep.eu\\\/pl\\\/wemstep-kontakt\\\/\"]}]},{\"@type\":\"BreadcrumbList\",\"@id\":\"https:\\\/\\\/wemstep.eu\\\/pl\\\/wemstep-kontakt\\\/#breadcrumb\",\"itemListElement\":[{\"@type\":\"ListItem\",\"position\":1,\"name\":\"Home\",\"item\":\"https:\\\/\\\/wemstep.eu\\\/pl\\\/\"},{\"@type\":\"ListItem\",\"position\":2,\"name\":\"wemStep Kontakt\"}]},{\"@type\":\"WebSite\",\"@id\":\"https:\\\/\\\/wemstep.eu\\\/pl\\\/#website\",\"url\":\"https:\\\/\\\/wemstep.eu\\\/pl\\\/\",\"name\":\"wemStep\",\"description\":\"Step by step to your destination\",\"publisher\":{\"@id\":\"https:\\\/\\\/wemstep.eu\\\/pl\\\/#organization\"},\"potentialAction\":[{\"@type\":\"SearchAction\",\"target\":{\"@type\":\"EntryPoint\",\"urlTemplate\":\"https:\\\/\\\/wemstep.eu\\\/pl\\\/?s={search_term_string}\"},\"query-input\":{\"@type\":\"PropertyValueSpecification\",\"valueRequired\":true,\"valueName\":\"search_term_string\"}}],\"inLanguage\":\"pl-PL\"},{\"@type\":\"Organization\",\"@id\":\"https:\\\/\\\/wemstep.eu\\\/pl\\\/#organization\",\"name\":\"Wemeco Products B.V.\",\"url\":\"https:\\\/\\\/wemstep.eu\\\/pl\\\/\",\"logo\":{\"@type\":\"ImageObject\",\"inLanguage\":\"pl-PL\",\"@id\":\"https:\\\/\\\/wemstep.eu\\\/pl\\\/#\\\/schema\\\/logo\\\/image\\\/\",\"url\":\"https:\\\/\\\/wemstep.eu\\\/wp-content\\\/uploads\\\/wemPro-Logo_orange_white_tagline.svg\",\"contentUrl\":\"https:\\\/\\\/wemstep.eu\\\/wp-content\\\/uploads\\\/wemPro-Logo_orange_white_tagline.svg\",\"width\":17600,\"height\":3400,\"caption\":\"Wemeco Products B.V.\"},\"image\":{\"@id\":\"https:\\\/\\\/wemstep.eu\\\/pl\\\/#\\\/schema\\\/logo\\\/image\\\/\"},\"sameAs\":[\"https:\\\/\\\/www.linkedin.com\\\/company\\\/wemeco-products\",\"https:\\\/\\\/www.youtube.com\\\/channel\\\/UCDJ5Z_wDo2Pd6-Nkha2xLJQ?view_as=subscriber\"]}]}<\/script>\n<!-- \/ Yoast SEO plugin. -->","yoast_head_json":{"title":"wemStep Kontakt - wemStep","robots":{"index":"index","follow":"follow","max-snippet":"max-snippet:-1","max-image-preview":"max-image-preview:large","max-video-preview":"max-video-preview:-1"},"canonical":"https:\/\/wemstep.eu\/pl\/wemstep-kontakt\/","og_locale":"pl_PL","og_type":"article","og_title":"wemStep Kontakt - wemStep","og_description":"Tw\u00f3j oficjalny Tw\u00f3j oficjalny wemStep\u00ae Partner Nasi wybrani partnerzy wemStep\u00ae s\u0105 gotowi s\u0142u\u017cy\u0107 Ci fachow\u0105 porad\u0105 i sprawn\u0105 realizacj\u0105 zam\u00f3wienia. Doskonale znaj\u0105 nasze produkty i ch\u0119tnie pomog\u0105 Ci znale\u017a\u0107 odpowiednie rozwi\u0105zanie. Tw\u00f3j partner Wemeco Poland Sp. z o.o. ul. G\u0142\u00f3wna 6557-350 Kudowa-Zdr\u00f3jPolska Telefon: +48 (0)74 866 70 00E-mail: info@wempro.eu VAT: PL8831754243KRS: 000223885Regon: 891556026 IBAN: NL65 [&hellip;]","og_url":"https:\/\/wemstep.eu\/pl\/wemstep-kontakt\/","og_site_name":"wemStep","article_modified_time":"2025-10-22T11:51:24+00:00","twitter_card":"summary_large_image","twitter_misc":{"Szacowany czas czytania":"1 minuta"},"schema":{"@context":"https:\/\/schema.org","@graph":[{"@type":"WebPage","@id":"https:\/\/wemstep.eu\/pl\/wemstep-kontakt\/","url":"https:\/\/wemstep.eu\/pl\/wemstep-kontakt\/","name":"wemStep Kontakt - wemStep","isPartOf":{"@id":"https:\/\/wemstep.eu\/pl\/#website"},"datePublished":"2023-10-09T09:38:12+00:00","dateModified":"2025-10-22T11:51:24+00:00","breadcrumb":{"@id":"https:\/\/wemstep.eu\/pl\/wemstep-kontakt\/#breadcrumb"},"inLanguage":"pl-PL","potentialAction":[{"@type":"ReadAction","target":["https:\/\/wemstep.eu\/pl\/wemstep-kontakt\/"]}]},{"@type":"BreadcrumbList","@id":"https:\/\/wemstep.eu\/pl\/wemstep-kontakt\/#breadcrumb","itemListElement":[{"@type":"ListItem","position":1,"name":"Home","item":"https:\/\/wemstep.eu\/pl\/"},{"@type":"ListItem","position":2,"name":"wemStep Kontakt"}]},{"@type":"WebSite","@id":"https:\/\/wemstep.eu\/pl\/#website","url":"https:\/\/wemstep.eu\/pl\/","name":"wemStep","description":"Step by step to your destination","publisher":{"@id":"https:\/\/wemstep.eu\/pl\/#organization"},"potentialAction":[{"@type":"SearchAction","target":{"@type":"EntryPoint","urlTemplate":"https:\/\/wemstep.eu\/pl\/?s={search_term_string}"},"query-input":{"@type":"PropertyValueSpecification","valueRequired":true,"valueName":"search_term_string"}}],"inLanguage":"pl-PL"},{"@type":"Organization","@id":"https:\/\/wemstep.eu\/pl\/#organization","name":"Wemeco Products B.V.","url":"https:\/\/wemstep.eu\/pl\/","logo":{"@type":"ImageObject","inLanguage":"pl-PL","@id":"https:\/\/wemstep.eu\/pl\/#\/schema\/logo\/image\/","url":"https:\/\/wemstep.eu\/wp-content\/uploads\/wemPro-Logo_orange_white_tagline.svg","contentUrl":"https:\/\/wemstep.eu\/wp-content\/uploads\/wemPro-Logo_orange_white_tagline.svg","width":17600,"height":3400,"caption":"Wemeco Products B.V."},"image":{"@id":"https:\/\/wemstep.eu\/pl\/#\/schema\/logo\/image\/"},"sameAs":["https:\/\/www.linkedin.com\/company\/wemeco-products","https:\/\/www.youtube.com\/channel\/UCDJ5Z_wDo2Pd6-Nkha2xLJQ?view_as=subscriber"]}]}},"_links":{"self":[{"href":"https:\/\/wemstep.eu\/pl\/wp-json\/wp\/v2\/pages\/29499","targetHints":{"allow":["GET"]}}],"collection":[{"href":"https:\/\/wemstep.eu\/pl\/wp-json\/wp\/v2\/pages"}],"about":[{"href":"https:\/\/wemstep.eu\/pl\/wp-json\/wp\/v2\/types\/page"}],"author":[{"embeddable":true,"href":"https:\/\/wemstep.eu\/pl\/wp-json\/wp\/v2\/users\/3"}],"replies":[{"embeddable":true,"href":"https:\/\/wemstep.eu\/pl\/wp-json\/wp\/v2\/comments?post=29499"}],"version-history":[{"count":0,"href":"https:\/\/wemstep.eu\/pl\/wp-json\/wp\/v2\/pages\/29499\/revisions"}],"wp:attachment":[{"href":"https:\/\/wemstep.eu\/pl\/wp-json\/wp\/v2\/media?parent=29499"}],"wp:term":[{"taxonomy":"category","embeddable":true,"href":"https:\/\/wemstep.eu\/pl\/wp-json\/wp\/v2\/categories?post=29499"},{"taxonomy":"post_tag","embeddable":true,"href":"https:\/\/wemstep.eu\/pl\/wp-json\/wp\/v2\/tags?post=29499"}],"curies":[{"name":"wp","href":"https:\/\/api.w.org\/{rel}","templated":true}]}}