{"id":36140,"date":"2024-05-21T16:11:10","date_gmt":"2024-05-21T15:11:10","guid":{"rendered":"https:\/\/staging-wemstep.wempro.eu\/wpsys-logout\/"},"modified":"2025-07-15T07:17:50","modified_gmt":"2025-07-15T06:17:50","slug":"wpsys-logout","status":"publish","type":"page","link":"https:\/\/wemstep.eu\/pl\/wpsys-logout\/","title":{"rendered":"wpsys-logout"},"content":{"rendered":"\t\t<div data-elementor-type=\"wp-page\" data-elementor-id=\"36140\" class=\"elementor elementor-36140 elementor-20319\" data-elementor-post-type=\"page\">\n\t\t\t\t<div class=\"elementor-element elementor-element-1ca213a e-flex e-con-boxed e-con e-parent\" data-id=\"1ca213a\" data-element_type=\"container\" data-e-type=\"container\">\n\t\t\t\t\t<div class=\"e-con-inner\">\n\t\t\t\t<div class=\"elementor-element elementor-element-3dbfbe0 elementor-widget elementor-widget-heading\" data-id=\"3dbfbe0\" data-element_type=\"widget\" data-e-type=\"widget\" data-widget_type=\"heading.default\">\n\t\t\t\t<div class=\"elementor-widget-container\">\n\t\t\t\t\t<h2 class=\"elementor-heading-title elementor-size-default\">Zosta\u0142e\u015b wylogowany<\/h2>\t\t\t\t<\/div>\n\t\t\t\t<\/div>\n\t\t\t\t<div class=\"elementor-element elementor-element-d4ae2ad elementor-widget elementor-widget-html\" data-id=\"d4ae2ad\" data-element_type=\"widget\" data-e-type=\"widget\" data-widget_type=\"html.default\">\n\t\t\t\t<div class=\"elementor-widget-container\">\n\t\t\t\t\t<style>\n    .progress-bar {\n        width: 30px;\n        height: 3px;\n        background-color: #0D1A34;\n        position: relative;\n    }\n\n    .progress {\n        width: 0%;\n        height: 100%;\n        background-color: #F18E00;\n        transition: width 2s;\n    }\n<\/style>\n\n<div class=\"progress-bar\">\n    <div class=\"progress\"><\/div>\n<\/div>\n\n<script>\n    const progressBar = document.querySelector('.progress');\n\n    setTimeout(() =&gt; {\n        progressBar.style.width = '100%';\n    }, 50); \/\/ Delay of 50ms to allow for rendering before starting the animation\n<\/script>\t\t\t\t<\/div>\n\t\t\t\t<\/div>\n\t\t\t\t<div class=\"elementor-element elementor-element-35c7855 elementor-widget elementor-widget-text-editor\" data-id=\"35c7855\" data-element_type=\"widget\" data-e-type=\"widget\" data-widget_type=\"text-editor.default\">\n\t\t\t\t<div class=\"elementor-widget-container\">\n\t\t\t\t\t\t\t\t\t<p>Zostaniesz teraz automatycznie przekierowany na stron\u0119 g\u0142\u00f3wn\u0105.<\/p>\t\t\t\t\t\t\t\t<\/div>\n\t\t\t\t<\/div>\n\t\t\t\t<div class=\"elementor-element elementor-element-432fdf9 elementor-widget elementor-widget-html\" data-id=\"432fdf9\" data-element_type=\"widget\" data-e-type=\"widget\" data-widget_type=\"html.default\">\n\t\t\t\t<div class=\"elementor-widget-container\">\n\t\t\t\t\t<script>document.addEventListener('DOMContentLoaded', function() {\n    \/\/ Controleer of de pagina niet wordt geopend in Elementor\n    var inElementor = typeof elementor !== 'undefined' && typeof elementor.isEditMode !== 'undefined' && elementor.isEditMode();\n\n    if (!inElementor) {\n        setTimeout(function() {\n            window.location.href = 'https:\/\/wemstep.eu\/'; \/\/ Vervang '\/' door de URL van je homepage indien nodig\n        }, 400); \/\/ 4000 milliseconden = 4 seconden\n    }\n});\n<\/script>\t\t\t\t<\/div>\n\t\t\t\t<\/div>\n\t\t<div class=\"elementor-element elementor-element-9d61da1 e-con-full e-flex e-con e-child\" data-id=\"9d61da1\" data-element_type=\"container\" data-e-type=\"container\">\n\t\t\t\t<\/div>\n\t\t\t\t\t<\/div>\n\t\t\t\t<\/div>\n\t\t\t\t<\/div>\n\t\t","protected":false},"excerpt":{"rendered":"<p>Zosta\u0142e\u015b wylogowany Zostaniesz teraz automatycznie przekierowany na stron\u0119 g\u0142\u00f3wn\u0105.<\/p>\n","protected":false},"author":3,"featured_media":0,"parent":0,"menu_order":0,"comment_status":"closed","ping_status":"closed","template":"","meta":{"footnotes":""},"categories":[],"tags":[],"class_list":["post-36140","page","type-page","status-publish","hentry"],"yoast_head":"<!-- This site is optimized with the Yoast SEO plugin v27.3 - https:\/\/yoast.com\/product\/yoast-seo-wordpress\/ -->\n<title>wpsys-logout - wemStep<\/title>\n<meta name=\"robots\" content=\"index, follow, max-snippet:-1, max-image-preview:large, max-video-preview:-1\" \/>\n<link rel=\"canonical\" href=\"https:\/\/wemstep.eu\/pl\/wpsys-logout\/\" \/>\n<meta property=\"og:locale\" content=\"pl_PL\" \/>\n<meta property=\"og:type\" content=\"article\" \/>\n<meta property=\"og:title\" content=\"wpsys-logout - wemStep\" \/>\n<meta property=\"og:description\" content=\"Zosta\u0142e\u015b wylogowany Zostaniesz teraz automatycznie przekierowany na stron\u0119 g\u0142\u00f3wn\u0105.\" \/>\n<meta property=\"og:url\" content=\"https:\/\/wemstep.eu\/pl\/wpsys-logout\/\" \/>\n<meta property=\"og:site_name\" content=\"wemStep\" \/>\n<meta property=\"article:modified_time\" content=\"2025-07-15T06:17:50+00:00\" \/>\n<meta name=\"twitter:card\" content=\"summary_large_image\" \/>\n<script type=\"application\/ld+json\" class=\"yoast-schema-graph\">{\"@context\":\"https:\\\/\\\/schema.org\",\"@graph\":[{\"@type\":\"WebPage\",\"@id\":\"https:\\\/\\\/wemstep.eu\\\/pl\\\/wpsys-logout\\\/\",\"url\":\"https:\\\/\\\/wemstep.eu\\\/pl\\\/wpsys-logout\\\/\",\"name\":\"wpsys-logout - wemStep\",\"isPartOf\":{\"@id\":\"https:\\\/\\\/wemstep.eu\\\/pl\\\/#website\"},\"datePublished\":\"2024-05-21T15:11:10+00:00\",\"dateModified\":\"2025-07-15T06:17:50+00:00\",\"breadcrumb\":{\"@id\":\"https:\\\/\\\/wemstep.eu\\\/pl\\\/wpsys-logout\\\/#breadcrumb\"},\"inLanguage\":\"pl-PL\",\"potentialAction\":[{\"@type\":\"ReadAction\",\"target\":[\"https:\\\/\\\/wemstep.eu\\\/pl\\\/wpsys-logout\\\/\"]}]},{\"@type\":\"BreadcrumbList\",\"@id\":\"https:\\\/\\\/wemstep.eu\\\/pl\\\/wpsys-logout\\\/#breadcrumb\",\"itemListElement\":[{\"@type\":\"ListItem\",\"position\":1,\"name\":\"Home\",\"item\":\"https:\\\/\\\/wemstep.eu\\\/pl\\\/\"},{\"@type\":\"ListItem\",\"position\":2,\"name\":\"wpsys-logout\"}]},{\"@type\":\"WebSite\",\"@id\":\"https:\\\/\\\/wemstep.eu\\\/pl\\\/#website\",\"url\":\"https:\\\/\\\/wemstep.eu\\\/pl\\\/\",\"name\":\"wemStep\",\"description\":\"Step by step to your destination\",\"publisher\":{\"@id\":\"https:\\\/\\\/wemstep.eu\\\/pl\\\/#organization\"},\"potentialAction\":[{\"@type\":\"SearchAction\",\"target\":{\"@type\":\"EntryPoint\",\"urlTemplate\":\"https:\\\/\\\/wemstep.eu\\\/pl\\\/?s={search_term_string}\"},\"query-input\":{\"@type\":\"PropertyValueSpecification\",\"valueRequired\":true,\"valueName\":\"search_term_string\"}}],\"inLanguage\":\"pl-PL\"},{\"@type\":\"Organization\",\"@id\":\"https:\\\/\\\/wemstep.eu\\\/pl\\\/#organization\",\"name\":\"Wemeco Products B.V.\",\"url\":\"https:\\\/\\\/wemstep.eu\\\/pl\\\/\",\"logo\":{\"@type\":\"ImageObject\",\"inLanguage\":\"pl-PL\",\"@id\":\"https:\\\/\\\/wemstep.eu\\\/pl\\\/#\\\/schema\\\/logo\\\/image\\\/\",\"url\":\"https:\\\/\\\/wemstep.eu\\\/wp-content\\\/uploads\\\/wemPro-Logo_orange_white_tagline.svg\",\"contentUrl\":\"https:\\\/\\\/wemstep.eu\\\/wp-content\\\/uploads\\\/wemPro-Logo_orange_white_tagline.svg\",\"width\":17600,\"height\":3400,\"caption\":\"Wemeco Products B.V.\"},\"image\":{\"@id\":\"https:\\\/\\\/wemstep.eu\\\/pl\\\/#\\\/schema\\\/logo\\\/image\\\/\"},\"sameAs\":[\"https:\\\/\\\/www.linkedin.com\\\/company\\\/wemeco-products\",\"https:\\\/\\\/www.youtube.com\\\/channel\\\/UCDJ5Z_wDo2Pd6-Nkha2xLJQ?view_as=subscriber\"]}]}<\/script>\n<!-- \/ Yoast SEO plugin. -->","yoast_head_json":{"title":"wpsys-logout - wemStep","robots":{"index":"index","follow":"follow","max-snippet":"max-snippet:-1","max-image-preview":"max-image-preview:large","max-video-preview":"max-video-preview:-1"},"canonical":"https:\/\/wemstep.eu\/pl\/wpsys-logout\/","og_locale":"pl_PL","og_type":"article","og_title":"wpsys-logout - wemStep","og_description":"Zosta\u0142e\u015b wylogowany Zostaniesz teraz automatycznie przekierowany na stron\u0119 g\u0142\u00f3wn\u0105.","og_url":"https:\/\/wemstep.eu\/pl\/wpsys-logout\/","og_site_name":"wemStep","article_modified_time":"2025-07-15T06:17:50+00:00","twitter_card":"summary_large_image","schema":{"@context":"https:\/\/schema.org","@graph":[{"@type":"WebPage","@id":"https:\/\/wemstep.eu\/pl\/wpsys-logout\/","url":"https:\/\/wemstep.eu\/pl\/wpsys-logout\/","name":"wpsys-logout - wemStep","isPartOf":{"@id":"https:\/\/wemstep.eu\/pl\/#website"},"datePublished":"2024-05-21T15:11:10+00:00","dateModified":"2025-07-15T06:17:50+00:00","breadcrumb":{"@id":"https:\/\/wemstep.eu\/pl\/wpsys-logout\/#breadcrumb"},"inLanguage":"pl-PL","potentialAction":[{"@type":"ReadAction","target":["https:\/\/wemstep.eu\/pl\/wpsys-logout\/"]}]},{"@type":"BreadcrumbList","@id":"https:\/\/wemstep.eu\/pl\/wpsys-logout\/#breadcrumb","itemListElement":[{"@type":"ListItem","position":1,"name":"Home","item":"https:\/\/wemstep.eu\/pl\/"},{"@type":"ListItem","position":2,"name":"wpsys-logout"}]},{"@type":"WebSite","@id":"https:\/\/wemstep.eu\/pl\/#website","url":"https:\/\/wemstep.eu\/pl\/","name":"wemStep","description":"Step by step to your destination","publisher":{"@id":"https:\/\/wemstep.eu\/pl\/#organization"},"potentialAction":[{"@type":"SearchAction","target":{"@type":"EntryPoint","urlTemplate":"https:\/\/wemstep.eu\/pl\/?s={search_term_string}"},"query-input":{"@type":"PropertyValueSpecification","valueRequired":true,"valueName":"search_term_string"}}],"inLanguage":"pl-PL"},{"@type":"Organization","@id":"https:\/\/wemstep.eu\/pl\/#organization","name":"Wemeco Products B.V.","url":"https:\/\/wemstep.eu\/pl\/","logo":{"@type":"ImageObject","inLanguage":"pl-PL","@id":"https:\/\/wemstep.eu\/pl\/#\/schema\/logo\/image\/","url":"https:\/\/wemstep.eu\/wp-content\/uploads\/wemPro-Logo_orange_white_tagline.svg","contentUrl":"https:\/\/wemstep.eu\/wp-content\/uploads\/wemPro-Logo_orange_white_tagline.svg","width":17600,"height":3400,"caption":"Wemeco Products B.V."},"image":{"@id":"https:\/\/wemstep.eu\/pl\/#\/schema\/logo\/image\/"},"sameAs":["https:\/\/www.linkedin.com\/company\/wemeco-products","https:\/\/www.youtube.com\/channel\/UCDJ5Z_wDo2Pd6-Nkha2xLJQ?view_as=subscriber"]}]}},"_links":{"self":[{"href":"https:\/\/wemstep.eu\/pl\/wp-json\/wp\/v2\/pages\/36140","targetHints":{"allow":["GET"]}}],"collection":[{"href":"https:\/\/wemstep.eu\/pl\/wp-json\/wp\/v2\/pages"}],"about":[{"href":"https:\/\/wemstep.eu\/pl\/wp-json\/wp\/v2\/types\/page"}],"author":[{"embeddable":true,"href":"https:\/\/wemstep.eu\/pl\/wp-json\/wp\/v2\/users\/3"}],"replies":[{"embeddable":true,"href":"https:\/\/wemstep.eu\/pl\/wp-json\/wp\/v2\/comments?post=36140"}],"version-history":[{"count":0,"href":"https:\/\/wemstep.eu\/pl\/wp-json\/wp\/v2\/pages\/36140\/revisions"}],"wp:attachment":[{"href":"https:\/\/wemstep.eu\/pl\/wp-json\/wp\/v2\/media?parent=36140"}],"wp:term":[{"taxonomy":"category","embeddable":true,"href":"https:\/\/wemstep.eu\/pl\/wp-json\/wp\/v2\/categories?post=36140"},{"taxonomy":"post_tag","embeddable":true,"href":"https:\/\/wemstep.eu\/pl\/wp-json\/wp\/v2\/tags?post=36140"}],"curies":[{"name":"wp","href":"https:\/\/api.w.org\/{rel}","templated":true}]}}