{"id":38327,"date":"2025-08-22T19:39:19","date_gmt":"2025-08-22T18:39:19","guid":{"rendered":"https:\/\/wemstep.eu\/pr\/"},"modified":"2025-10-10T20:56:02","modified_gmt":"2025-10-10T19:56:02","slug":"product-added-to-projectmap","status":"publish","type":"page","link":"https:\/\/wemstep.eu\/pl\/ws_configurator\/product-added-to-projectmap\/","title":{"rendered":"Produkt dodany pomy\u015blnie"},"content":{"rendered":"\t\t<div data-elementor-type=\"wp-page\" data-elementor-id=\"38327\" class=\"elementor elementor-38327 elementor-38310\" data-elementor-post-type=\"page\">\n\t\t\t\t<div class=\"elementor-element elementor-element-d1c0219 e-flex e-con-boxed elementor-invisible e-con e-parent\" data-id=\"d1c0219\" data-element_type=\"container\" data-e-type=\"container\" data-settings=\"{&quot;background_background&quot;:&quot;classic&quot;,&quot;animation&quot;:&quot;fadeIn&quot;}\">\n\t\t\t\t\t<div class=\"e-con-inner\">\n\t\t<div class=\"elementor-element elementor-element-ddf86a3 e-con-full e-flex elementor-invisible e-con e-child\" data-id=\"ddf86a3\" data-element_type=\"container\" data-e-type=\"container\" data-settings=\"{&quot;animation&quot;:&quot;fadeIn&quot;,&quot;animation_delay&quot;:2000}\">\n\t\t<div class=\"elementor-element elementor-element-9a31892 e-con-full e-flex e-con e-child\" data-id=\"9a31892\" data-element_type=\"container\" data-e-type=\"container\" data-settings=\"{&quot;background_background&quot;:&quot;classic&quot;}\">\n\t\t\t\t<div class=\"elementor-element elementor-element-2771fa9 elementor-widget elementor-widget-image\" data-id=\"2771fa9\" data-element_type=\"widget\" data-e-type=\"widget\" data-widget_type=\"image.default\">\n\t\t\t\t<div class=\"elementor-widget-container\">\n\t\t\t\t\t\t\t\t\t\t\t\t\t\t\t<img loading=\"lazy\" decoding=\"async\" width=\"17610\" height=\"1976\" src=\"https:\/\/wemstep.eu\/wp-content\/uploads\/wemstep-logo.svg\" class=\"attachment-large size-large wp-image-28774\" alt=\"\" \/>\t\t\t\t\t\t\t\t\t\t\t\t\t\t\t<\/div>\n\t\t\t\t<\/div>\n\t\t\t\t<div class=\"elementor-element elementor-element-166dc72 animated-slow elementor-widget elementor-widget-text-editor\" data-id=\"166dc72\" data-element_type=\"widget\" data-e-type=\"widget\" data-settings=\"{&quot;_animation&quot;:&quot;none&quot;,&quot;_animation_mobile&quot;:&quot;none&quot;}\" data-widget_type=\"text-editor.default\">\n\t\t\t\t<div class=\"elementor-widget-container\">\n\t\t\t\t\t\t\t\t\t<p>Wybrany produkt zosta\u0142 pomy\u015blnie dodany do Koszyka projektowego<\/p>\t\t\t\t\t\t\t\t<\/div>\n\t\t\t\t<\/div>\n\t\t\t\t<div class=\"elementor-element elementor-element-fb06632 elementor-align-justify CurHandle elementor-widget elementor-widget-button\" data-id=\"fb06632\" data-element_type=\"widget\" data-e-type=\"widget\" id=\"GoToBasket\" data-widget_type=\"button.default\">\n\t\t\t\t<div class=\"elementor-widget-container\">\n\t\t\t\t\t\t\t\t\t<div class=\"elementor-button-wrapper\">\n\t\t\t\t\t<a class=\"elementor-button elementor-size-sm\" role=\"button\">\n\t\t\t\t\t\t<span class=\"elementor-button-content-wrapper\">\n\t\t\t\t\t\t<span class=\"elementor-button-icon\">\n\t\t\t\t<svg aria-hidden=\"true\" class=\"e-font-icon-svg e-fas-folder-open\" viewBox=\"0 0 576 512\" xmlns=\"http:\/\/www.w3.org\/2000\/svg\"><path d=\"M572.694 292.093L500.27 416.248A63.997 63.997 0 0 1 444.989 448H45.025c-18.523 0-30.064-20.093-20.731-36.093l72.424-124.155A64 64 0 0 1 152 256h399.964c18.523 0 30.064 20.093 20.73 36.093zM152 224h328v-48c0-26.51-21.49-48-48-48H272l-64-64H48C21.49 64 0 85.49 0 112v278.046l69.077-118.418C86.214 242.25 117.989 224 152 224z\"><\/path><\/svg>\t\t\t<\/span>\n\t\t\t\t\t\t\t\t\t<span class=\"elementor-button-text\">Zobacz sw\u00f3j Koszyk projektowy<\/span>\n\t\t\t\t\t<\/span>\n\t\t\t\t\t<\/a>\n\t\t\t\t<\/div>\n\t\t\t\t\t\t\t\t<\/div>\n\t\t\t\t<\/div>\n\t\t\t\t<div class=\"elementor-element elementor-element-732bd9f elementor-align-justify add-product CurHandle elementor-widget elementor-widget-button\" data-id=\"732bd9f\" data-element_type=\"widget\" data-e-type=\"widget\" data-widget_type=\"button.default\">\n\t\t\t\t<div class=\"elementor-widget-container\">\n\t\t\t\t\t\t\t\t\t<div class=\"elementor-button-wrapper\">\n\t\t\t\t\t<a class=\"elementor-button elementor-size-sm\" role=\"button\">\n\t\t\t\t\t\t<span class=\"elementor-button-content-wrapper\">\n\t\t\t\t\t\t<span class=\"elementor-button-icon\">\n\t\t\t\t<svg aria-hidden=\"true\" class=\"e-font-icon-svg e-fas-download\" viewBox=\"0 0 512 512\" xmlns=\"http:\/\/www.w3.org\/2000\/svg\"><path d=\"M216 0h80c13.3 0 24 10.7 24 24v168h87.7c17.8 0 26.7 21.5 14.1 34.1L269.7 378.3c-7.5 7.5-19.8 7.5-27.3 0L90.1 226.1c-12.6-12.6-3.7-34.1 14.1-34.1H192V24c0-13.3 10.7-24 24-24zm296 376v112c0 13.3-10.7 24-24 24H24c-13.3 0-24-10.7-24-24V376c0-13.3 10.7-24 24-24h146.7l49 49c20.1 20.1 52.5 20.1 72.6 0l49-49H488c13.3 0 24 10.7 24 24zm-124 88c0-11-9-20-20-20s-20 9-20 20 9 20 20 20 20-9 20-20zm64 0c0-11-9-20-20-20s-20 9-20 20 9 20 20 20 20-9 20-20z\"><\/path><\/svg>\t\t\t<\/span>\n\t\t\t\t\t\t\t\t\t<span class=\"elementor-button-text\">Dodaj kolejny produkt<\/span>\n\t\t\t\t\t<\/span>\n\t\t\t\t\t<\/a>\n\t\t\t\t<\/div>\n\t\t\t\t\t\t\t\t<\/div>\n\t\t\t\t<\/div>\n\t\t\t\t<\/div>\n\t\t\t\t<\/div>\n\t\t\t\t\t<\/div>\n\t\t\t\t<\/div>\n\t\t\t\t<\/div>\n\t\t","protected":false},"excerpt":{"rendered":"<p>Wybrany produkt zosta\u0142 pomy\u015blnie dodany do Koszyka projektowego Zobacz sw\u00f3j Koszyk projektowy Dodaj kolejny produkt<\/p>\n","protected":false},"author":5,"featured_media":0,"parent":34626,"menu_order":0,"comment_status":"closed","ping_status":"closed","template":"elementor_canvas","meta":{"footnotes":""},"categories":[102,103],"tags":[],"class_list":["post-38327","page","type-page","status-publish","hentry","category-konfigurator","category-tlumaczenie"],"yoast_head":"<!-- This site is optimized with the Yoast SEO plugin v27.3 - https:\/\/yoast.com\/product\/yoast-seo-wordpress\/ -->\n<title>Produkt dodany pomy\u015blnie - wemStep<\/title>\n<meta name=\"robots\" content=\"index, follow, max-snippet:-1, max-image-preview:large, max-video-preview:-1\" \/>\n<link rel=\"canonical\" href=\"https:\/\/wemstep.eu\/pl\/ws_configurator\/product-added-to-projectmap\/\" \/>\n<meta property=\"og:locale\" content=\"pl_PL\" \/>\n<meta property=\"og:type\" content=\"article\" \/>\n<meta property=\"og:title\" content=\"Produkt dodany pomy\u015blnie - wemStep\" \/>\n<meta property=\"og:description\" content=\"Wybrany produkt zosta\u0142 pomy\u015blnie dodany do Koszyka projektowego Zobacz sw\u00f3j Koszyk projektowy Dodaj kolejny produkt\" \/>\n<meta property=\"og:url\" content=\"https:\/\/wemstep.eu\/pl\/ws_configurator\/product-added-to-projectmap\/\" \/>\n<meta property=\"og:site_name\" content=\"wemStep\" \/>\n<meta property=\"article:modified_time\" content=\"2025-10-10T19:56:02+00:00\" \/>\n<meta name=\"twitter:card\" content=\"summary_large_image\" \/>\n<script type=\"application\/ld+json\" class=\"yoast-schema-graph\">{\"@context\":\"https:\\\/\\\/schema.org\",\"@graph\":[{\"@type\":\"WebPage\",\"@id\":\"https:\\\/\\\/wemstep.eu\\\/pl\\\/ws_configurator\\\/product-added-to-projectmap\\\/\",\"url\":\"https:\\\/\\\/wemstep.eu\\\/pl\\\/ws_configurator\\\/product-added-to-projectmap\\\/\",\"name\":\"Produkt dodany pomy\u015blnie - wemStep\",\"isPartOf\":{\"@id\":\"https:\\\/\\\/wemstep.eu\\\/pl\\\/#website\"},\"primaryImageOfPage\":{\"@id\":\"https:\\\/\\\/wemstep.eu\\\/pl\\\/ws_configurator\\\/product-added-to-projectmap\\\/#primaryimage\"},\"image\":{\"@id\":\"https:\\\/\\\/wemstep.eu\\\/pl\\\/ws_configurator\\\/product-added-to-projectmap\\\/#primaryimage\"},\"thumbnailUrl\":\"https:\\\/\\\/wemstep.eu\\\/wp-content\\\/uploads\\\/wemstep-logo.svg\",\"datePublished\":\"2025-08-22T18:39:19+00:00\",\"dateModified\":\"2025-10-10T19:56:02+00:00\",\"breadcrumb\":{\"@id\":\"https:\\\/\\\/wemstep.eu\\\/pl\\\/ws_configurator\\\/product-added-to-projectmap\\\/#breadcrumb\"},\"inLanguage\":\"pl-PL\",\"potentialAction\":[{\"@type\":\"ReadAction\",\"target\":[\"https:\\\/\\\/wemstep.eu\\\/pl\\\/ws_configurator\\\/product-added-to-projectmap\\\/\"]}]},{\"@type\":\"ImageObject\",\"inLanguage\":\"pl-PL\",\"@id\":\"https:\\\/\\\/wemstep.eu\\\/pl\\\/ws_configurator\\\/product-added-to-projectmap\\\/#primaryimage\",\"url\":\"https:\\\/\\\/wemstep.eu\\\/wp-content\\\/uploads\\\/wemstep-logo.svg\",\"contentUrl\":\"https:\\\/\\\/wemstep.eu\\\/wp-content\\\/uploads\\\/wemstep-logo.svg\"},{\"@type\":\"BreadcrumbList\",\"@id\":\"https:\\\/\\\/wemstep.eu\\\/pl\\\/ws_configurator\\\/product-added-to-projectmap\\\/#breadcrumb\",\"itemListElement\":[{\"@type\":\"ListItem\",\"position\":1,\"name\":\"Home\",\"item\":\"https:\\\/\\\/wemstep.eu\\\/pl\\\/\"},{\"@type\":\"ListItem\",\"position\":2,\"name\":\"konfigurator wemStep\",\"item\":\"https:\\\/\\\/wemstep.eu\\\/pl\\\/ws_configurator\\\/\"},{\"@type\":\"ListItem\",\"position\":3,\"name\":\"Produkt dodany pomy\u015blnie\"}]},{\"@type\":\"WebSite\",\"@id\":\"https:\\\/\\\/wemstep.eu\\\/pl\\\/#website\",\"url\":\"https:\\\/\\\/wemstep.eu\\\/pl\\\/\",\"name\":\"wemStep\",\"description\":\"Step by step to your destination\",\"publisher\":{\"@id\":\"https:\\\/\\\/wemstep.eu\\\/pl\\\/#organization\"},\"potentialAction\":[{\"@type\":\"SearchAction\",\"target\":{\"@type\":\"EntryPoint\",\"urlTemplate\":\"https:\\\/\\\/wemstep.eu\\\/pl\\\/?s={search_term_string}\"},\"query-input\":{\"@type\":\"PropertyValueSpecification\",\"valueRequired\":true,\"valueName\":\"search_term_string\"}}],\"inLanguage\":\"pl-PL\"},{\"@type\":\"Organization\",\"@id\":\"https:\\\/\\\/wemstep.eu\\\/pl\\\/#organization\",\"name\":\"Wemeco Products B.V.\",\"url\":\"https:\\\/\\\/wemstep.eu\\\/pl\\\/\",\"logo\":{\"@type\":\"ImageObject\",\"inLanguage\":\"pl-PL\",\"@id\":\"https:\\\/\\\/wemstep.eu\\\/pl\\\/#\\\/schema\\\/logo\\\/image\\\/\",\"url\":\"https:\\\/\\\/wemstep.eu\\\/wp-content\\\/uploads\\\/wemPro-Logo_orange_white_tagline.svg\",\"contentUrl\":\"https:\\\/\\\/wemstep.eu\\\/wp-content\\\/uploads\\\/wemPro-Logo_orange_white_tagline.svg\",\"width\":17600,\"height\":3400,\"caption\":\"Wemeco Products B.V.\"},\"image\":{\"@id\":\"https:\\\/\\\/wemstep.eu\\\/pl\\\/#\\\/schema\\\/logo\\\/image\\\/\"},\"sameAs\":[\"https:\\\/\\\/www.linkedin.com\\\/company\\\/wemeco-products\",\"https:\\\/\\\/www.youtube.com\\\/channel\\\/UCDJ5Z_wDo2Pd6-Nkha2xLJQ?view_as=subscriber\"]}]}<\/script>\n<!-- \/ Yoast SEO plugin. -->","yoast_head_json":{"title":"Produkt dodany pomy\u015blnie - wemStep","robots":{"index":"index","follow":"follow","max-snippet":"max-snippet:-1","max-image-preview":"max-image-preview:large","max-video-preview":"max-video-preview:-1"},"canonical":"https:\/\/wemstep.eu\/pl\/ws_configurator\/product-added-to-projectmap\/","og_locale":"pl_PL","og_type":"article","og_title":"Produkt dodany pomy\u015blnie - wemStep","og_description":"Wybrany produkt zosta\u0142 pomy\u015blnie dodany do Koszyka projektowego Zobacz sw\u00f3j Koszyk projektowy Dodaj kolejny produkt","og_url":"https:\/\/wemstep.eu\/pl\/ws_configurator\/product-added-to-projectmap\/","og_site_name":"wemStep","article_modified_time":"2025-10-10T19:56:02+00:00","twitter_card":"summary_large_image","schema":{"@context":"https:\/\/schema.org","@graph":[{"@type":"WebPage","@id":"https:\/\/wemstep.eu\/pl\/ws_configurator\/product-added-to-projectmap\/","url":"https:\/\/wemstep.eu\/pl\/ws_configurator\/product-added-to-projectmap\/","name":"Produkt dodany pomy\u015blnie - wemStep","isPartOf":{"@id":"https:\/\/wemstep.eu\/pl\/#website"},"primaryImageOfPage":{"@id":"https:\/\/wemstep.eu\/pl\/ws_configurator\/product-added-to-projectmap\/#primaryimage"},"image":{"@id":"https:\/\/wemstep.eu\/pl\/ws_configurator\/product-added-to-projectmap\/#primaryimage"},"thumbnailUrl":"https:\/\/wemstep.eu\/wp-content\/uploads\/wemstep-logo.svg","datePublished":"2025-08-22T18:39:19+00:00","dateModified":"2025-10-10T19:56:02+00:00","breadcrumb":{"@id":"https:\/\/wemstep.eu\/pl\/ws_configurator\/product-added-to-projectmap\/#breadcrumb"},"inLanguage":"pl-PL","potentialAction":[{"@type":"ReadAction","target":["https:\/\/wemstep.eu\/pl\/ws_configurator\/product-added-to-projectmap\/"]}]},{"@type":"ImageObject","inLanguage":"pl-PL","@id":"https:\/\/wemstep.eu\/pl\/ws_configurator\/product-added-to-projectmap\/#primaryimage","url":"https:\/\/wemstep.eu\/wp-content\/uploads\/wemstep-logo.svg","contentUrl":"https:\/\/wemstep.eu\/wp-content\/uploads\/wemstep-logo.svg"},{"@type":"BreadcrumbList","@id":"https:\/\/wemstep.eu\/pl\/ws_configurator\/product-added-to-projectmap\/#breadcrumb","itemListElement":[{"@type":"ListItem","position":1,"name":"Home","item":"https:\/\/wemstep.eu\/pl\/"},{"@type":"ListItem","position":2,"name":"konfigurator wemStep","item":"https:\/\/wemstep.eu\/pl\/ws_configurator\/"},{"@type":"ListItem","position":3,"name":"Produkt dodany pomy\u015blnie"}]},{"@type":"WebSite","@id":"https:\/\/wemstep.eu\/pl\/#website","url":"https:\/\/wemstep.eu\/pl\/","name":"wemStep","description":"Step by step to your destination","publisher":{"@id":"https:\/\/wemstep.eu\/pl\/#organization"},"potentialAction":[{"@type":"SearchAction","target":{"@type":"EntryPoint","urlTemplate":"https:\/\/wemstep.eu\/pl\/?s={search_term_string}"},"query-input":{"@type":"PropertyValueSpecification","valueRequired":true,"valueName":"search_term_string"}}],"inLanguage":"pl-PL"},{"@type":"Organization","@id":"https:\/\/wemstep.eu\/pl\/#organization","name":"Wemeco Products B.V.","url":"https:\/\/wemstep.eu\/pl\/","logo":{"@type":"ImageObject","inLanguage":"pl-PL","@id":"https:\/\/wemstep.eu\/pl\/#\/schema\/logo\/image\/","url":"https:\/\/wemstep.eu\/wp-content\/uploads\/wemPro-Logo_orange_white_tagline.svg","contentUrl":"https:\/\/wemstep.eu\/wp-content\/uploads\/wemPro-Logo_orange_white_tagline.svg","width":17600,"height":3400,"caption":"Wemeco Products B.V."},"image":{"@id":"https:\/\/wemstep.eu\/pl\/#\/schema\/logo\/image\/"},"sameAs":["https:\/\/www.linkedin.com\/company\/wemeco-products","https:\/\/www.youtube.com\/channel\/UCDJ5Z_wDo2Pd6-Nkha2xLJQ?view_as=subscriber"]}]}},"_links":{"self":[{"href":"https:\/\/wemstep.eu\/pl\/wp-json\/wp\/v2\/pages\/38327","targetHints":{"allow":["GET"]}}],"collection":[{"href":"https:\/\/wemstep.eu\/pl\/wp-json\/wp\/v2\/pages"}],"about":[{"href":"https:\/\/wemstep.eu\/pl\/wp-json\/wp\/v2\/types\/page"}],"author":[{"embeddable":true,"href":"https:\/\/wemstep.eu\/pl\/wp-json\/wp\/v2\/users\/5"}],"replies":[{"embeddable":true,"href":"https:\/\/wemstep.eu\/pl\/wp-json\/wp\/v2\/comments?post=38327"}],"version-history":[{"count":0,"href":"https:\/\/wemstep.eu\/pl\/wp-json\/wp\/v2\/pages\/38327\/revisions"}],"up":[{"embeddable":true,"href":"https:\/\/wemstep.eu\/pl\/wp-json\/wp\/v2\/pages\/34626"}],"wp:attachment":[{"href":"https:\/\/wemstep.eu\/pl\/wp-json\/wp\/v2\/media?parent=38327"}],"wp:term":[{"taxonomy":"category","embeddable":true,"href":"https:\/\/wemstep.eu\/pl\/wp-json\/wp\/v2\/categories?post=38327"},{"taxonomy":"post_tag","embeddable":true,"href":"https:\/\/wemstep.eu\/pl\/wp-json\/wp\/v2\/tags?post=38327"}],"curies":[{"name":"wp","href":"https:\/\/api.w.org\/{rel}","templated":true}]}}